{"id":29,"date":"2023-05-17T16:18:58","date_gmt":"2023-05-17T16:18:58","guid":{"rendered":"https:\/\/silence.band\/?page_id=29"},"modified":"2026-01-30T08:15:31","modified_gmt":"2026-01-30T08:15:31","slug":"home","status":"publish","type":"page","link":"https:\/\/silence.band\/en\/","title":{"rendered":"Home"},"content":{"rendered":"<div data-elementor-type=\"wp-page\" data-elementor-id=\"29\" class=\"elementor elementor-29\" data-elementor-settings=\"{&quot;element_pack_global_tooltip_width&quot;:{&quot;unit&quot;:&quot;px&quot;,&quot;size&quot;:&quot;&quot;,&quot;sizes&quot;:[]},&quot;element_pack_global_tooltip_width_tablet&quot;:{&quot;unit&quot;:&quot;px&quot;,&quot;size&quot;:&quot;&quot;,&quot;sizes&quot;:[]},&quot;element_pack_global_tooltip_width_mobile&quot;:{&quot;unit&quot;:&quot;px&quot;,&quot;size&quot;:&quot;&quot;,&quot;sizes&quot;:[]},&quot;element_pack_global_tooltip_padding&quot;:{&quot;unit&quot;:&quot;px&quot;,&quot;top&quot;:&quot;&quot;,&quot;right&quot;:&quot;&quot;,&quot;bottom&quot;:&quot;&quot;,&quot;left&quot;:&quot;&quot;,&quot;isLinked&quot;:true},&quot;element_pack_global_tooltip_padding_tablet&quot;:{&quot;unit&quot;:&quot;px&quot;,&quot;top&quot;:&quot;&quot;,&quot;right&quot;:&quot;&quot;,&quot;bottom&quot;:&quot;&quot;,&quot;left&quot;:&quot;&quot;,&quot;isLinked&quot;:true},&quot;element_pack_global_tooltip_padding_mobile&quot;:{&quot;unit&quot;:&quot;px&quot;,&quot;top&quot;:&quot;&quot;,&quot;right&quot;:&quot;&quot;,&quot;bottom&quot;:&quot;&quot;,&quot;left&quot;:&quot;&quot;,&quot;isLinked&quot;:true},&quot;element_pack_global_tooltip_border_radius&quot;:{&quot;unit&quot;:&quot;px&quot;,&quot;top&quot;:&quot;&quot;,&quot;right&quot;:&quot;&quot;,&quot;bottom&quot;:&quot;&quot;,&quot;left&quot;:&quot;&quot;,&quot;isLinked&quot;:true},&quot;element_pack_global_tooltip_border_radius_tablet&quot;:{&quot;unit&quot;:&quot;px&quot;,&quot;top&quot;:&quot;&quot;,&quot;right&quot;:&quot;&quot;,&quot;bottom&quot;:&quot;&quot;,&quot;left&quot;:&quot;&quot;,&quot;isLinked&quot;:true},&quot;element_pack_global_tooltip_border_radius_mobile&quot;:{&quot;unit&quot;:&quot;px&quot;,&quot;top&quot;:&quot;&quot;,&quot;right&quot;:&quot;&quot;,&quot;bottom&quot;:&quot;&quot;,&quot;left&quot;:&quot;&quot;,&quot;isLinked&quot;:true}}\" data-elementor-post-type=\"page\">\n\t\t\t\t<div class=\"elementor-element elementor-element-c4fe681 e-con-full e-ecs-flex e-flex e-con e-parent\" data-id=\"c4fe681\" data-element_type=\"container\" data-e-type=\"container\" data-settings=\"{&quot;ecs_container_type&quot;:&quot;flex&quot;}\">\n\t\t<div class=\"elementor-element elementor-element-c7b0337 e-con-full e-ecs-flex e-flex elementor-invisible e-con e-child\" data-id=\"c7b0337\" data-element_type=\"container\" data-e-type=\"container\" data-settings=\"{&quot;background_background&quot;:&quot;classic&quot;,&quot;animation&quot;:&quot;fadeIn&quot;,&quot;ecs_container_type&quot;:&quot;flex&quot;}\">\n\t\t\t\t<div class=\"elementor-element elementor-element-8b980fc elementor-widget elementor-widget-image\" data-id=\"8b980fc\" data-element_type=\"widget\" data-e-type=\"widget\" data-widget_type=\"image.default\">\n\t\t\t\t<div class=\"elementor-widget-container\">\n\t\t\t\t\t\t\t\t\t\t\t\t\t\t\t<img fetchpriority=\"high\" decoding=\"async\" width=\"2048\" height=\"1037\" src=\"https:\/\/silence.band\/wp-content\/uploads\/2023\/06\/silence-wp.jpg\" class=\"attachment-full size-full wp-image-1382\" alt=\"\" srcset=\"https:\/\/silence.band\/wp-content\/uploads\/2023\/06\/silence-wp.jpg 2048w, https:\/\/silence.band\/wp-content\/uploads\/2023\/06\/silence-wp-300x152.jpg 300w, https:\/\/silence.band\/wp-content\/uploads\/2023\/06\/silence-wp-1024x519.jpg 1024w, https:\/\/silence.band\/wp-content\/uploads\/2023\/06\/silence-wp-768x389.jpg 768w, https:\/\/silence.band\/wp-content\/uploads\/2023\/06\/silence-wp-1536x778.jpg 1536w, https:\/\/silence.band\/wp-content\/uploads\/2023\/06\/silence-wp-18x9.jpg 18w, https:\/\/silence.band\/wp-content\/uploads\/2023\/06\/silence-wp-600x304.jpg 600w\" sizes=\"(max-width: 2048px) 100vw, 2048px\" \/>\t\t\t\t\t\t\t\t\t\t\t\t\t\t\t<\/div>\n\t\t\t\t<\/div>\n\t\t\t\t<\/div>\n\t\t\t\t<\/div>\n\t\t<div class=\"elementor-element elementor-element-8d8b8fc e-con-full e-ecs-flex e-flex e-con e-parent\" data-id=\"8d8b8fc\" data-element_type=\"container\" data-e-type=\"container\" data-settings=\"{&quot;ecs_container_type&quot;:&quot;flex&quot;}\">\n\t\t\t\t<div class=\"elementor-element elementor-element-44f457f elementor-invisible elementor-widget elementor-widget-image\" data-id=\"44f457f\" data-element_type=\"widget\" data-e-type=\"widget\" data-settings=\"{&quot;_animation&quot;:&quot;fadeIn&quot;}\" data-widget_type=\"image.default\">\n\t\t\t\t<div class=\"elementor-widget-container\">\n\t\t\t\t\t\t\t\t\t\t\t\t\t\t\t<img decoding=\"async\" src=\"https:\/\/silence.band\/wp-content\/uploads\/elementor\/thumbs\/1-e1688481470152-q8x7s2fnlgmiuevucaoqrtc4a1mwhdc72kjnettz5w.jpg\" title=\"1\" alt=\"1\" loading=\"lazy\" \/>\t\t\t\t\t\t\t\t\t\t\t\t\t\t\t<\/div>\n\t\t\t\t<\/div>\n\t\t\t\t<div class=\"elementor-element elementor-element-a9445d0 elementor-invisible elementor-widget elementor-widget-heading\" data-id=\"a9445d0\" data-element_type=\"widget\" data-e-type=\"widget\" data-settings=\"{&quot;_animation&quot;:&quot;fadeIn&quot;}\" data-widget_type=\"heading.default\">\n\t\t\t\t<div class=\"elementor-widget-container\">\n\t\t\t\t\t<h1 class=\"elementor-heading-title elementor-size-default\">WELCOME TO SILENCE - INDIE-FOLK FROM SWITZERLAND<\/h1>\t\t\t\t<\/div>\n\t\t\t\t<\/div>\n\t\t\t\t<div class=\"elementor-element elementor-element-5d656b4 elementor-invisible elementor-widget elementor-widget-button\" data-id=\"5d656b4\" data-element_type=\"widget\" data-e-type=\"widget\" data-settings=\"{&quot;_animation&quot;:&quot;fadeIn&quot;}\" data-widget_type=\"button.default\">\n\t\t\t\t<div class=\"elementor-widget-container\">\n\t\t\t\t\t\t\t\t\t<div class=\"elementor-button-wrapper\">\n\t\t\t\t\t<a class=\"elementor-button elementor-button-link elementor-size-sm\" href=\"https:\/\/silence.band\/en\/psalms2\/\">\n\t\t\t\t\t\t<span class=\"elementor-button-content-wrapper\">\n\t\t\t\t\t\t\t\t\t<span class=\"elementor-button-text\">New Album - Psalms II<\/span>\n\t\t\t\t\t<\/span>\n\t\t\t\t\t<\/a>\n\t\t\t\t<\/div>\n\t\t\t\t\t\t\t\t<\/div>\n\t\t\t\t<\/div>\n\t\t\t\t<div class=\"elementor-element elementor-element-d5b1832 elementor-invisible elementor-widget elementor-widget-text-editor\" data-id=\"d5b1832\" data-element_type=\"widget\" data-e-type=\"widget\" data-settings=\"{&quot;_animation&quot;:&quot;fadeIn&quot;}\" data-widget_type=\"text-editor.default\">\n\t\t\t\t<div class=\"elementor-widget-container\">\n\t\t\t\t\t\t\t\t\t<p style=\"text-align: left;\">Some years ago we discovered the psalms for ourselves. In the Psalms we find the whole spectrum of human emotions, from great joy and gratitude to anger, sadness, thoughts of revenge, amazement at creation and trust in the God of the Bible.\nWe discovered the Psalms a few years ago. In the Psalms we find the whole spectrum go human emotions, from great joy and gratitude to anger, sadness, thoughts of revenge, wonder about nature and trust in the God of the Bible.<\/p>\t\t\t\t\t\t\t\t<\/div>\n\t\t\t\t<\/div>\n\t\t\t\t<\/div>\n\t\t<div class=\"elementor-element elementor-element-3f45a8d e-con-full e-ecs-flex e-flex e-con e-parent\" data-id=\"3f45a8d\" data-element_type=\"container\" data-e-type=\"container\" data-settings=\"{&quot;ecs_container_type&quot;:&quot;flex&quot;}\">\n\t\t<div class=\"elementor-element elementor-element-38841c8 e-con-full e-ecs-flex e-flex e-con e-child\" data-id=\"38841c8\" data-element_type=\"container\" data-e-type=\"container\" data-settings=\"{&quot;ecs_container_type&quot;:&quot;flex&quot;}\">\n\t\t\t\t<div class=\"elementor-element elementor-element-8fe6996 elementor-invisible elementor-widget elementor-widget-heading\" data-id=\"8fe6996\" data-element_type=\"widget\" data-e-type=\"widget\" data-settings=\"{&quot;_animation&quot;:&quot;fadeIn&quot;}\" data-widget_type=\"heading.default\">\n\t\t\t\t<div class=\"elementor-widget-container\">\n\t\t\t\t\t<h2 class=\"elementor-heading-title elementor-size-default\">Concerts<\/h2>\t\t\t\t<\/div>\n\t\t\t\t<\/div>\n\t\t\t\t<div class=\"elementor-element elementor-element-dd46ca0 elementor-invisible elementor-widget elementor-widget-text-editor\" data-id=\"dd46ca0\" data-element_type=\"widget\" data-e-type=\"widget\" data-settings=\"{&quot;_animation&quot;:&quot;fadeIn&quot;}\" data-widget_type=\"text-editor.default\">\n\t\t\t\t<div class=\"elementor-widget-container\">\n\t\t\t\t\t\t\t\t\t<p><strong>\u00a02024<\/strong><\/p><ul><li style=\"text-align: left;\">03. february \/\/ 07.30 PM \/\/ Village church Steffisburg \/\/ CH-3612 Steffisburg \/\/<\/li><li style=\"text-align: left;\">09. march \/\/ 07.30 PM \/\/ Church Bubendorf \/\/ Kirchstreet 2 \/\/ CH-4416 Bubendorf \/\/<\/li><li style=\"text-align: left;\">28. Juli \/\/ \u00a0Montmirail privater Anlass<\/li><li style=\"text-align: left;\">3. November \/\/ 10.00 Uhr \/\/ New Life Kirche Bern \/\/ Fabrikstrasse \/\/ CH-3002 Bern \/\/\u00a0<\/li><li>10. November \/\/ 17.00\/\/ Viva Kirche \/\/ Beim Bahnhof 5 \/\/ CH-6312 Steinhausen \/\/<\/li><\/ul><p><strong style=\"text-align: center;\">2026<\/strong><\/p><ul><li><span style=\"text-align: end;\"><a href=\"https:\/\/silence.band\/wp-content\/uploads\/2026\/01\/Konzert-Silence_20260127_155628_0000.png\">27. Februar \/\/ \u00a0ab 18.30 Racletteplausch Konzrt 20.00 \/\/ \u00a0Brocki Blaues Kreuz Thun<\/a> \u00a0\/\/ Bernstrasse 14 \/\/ CH-3612 Steffisburg<\/span><\/li><li>09. Mai \/\/ 19.30 \/\/ Kirche Oberdiessbach \/\/ Burgdorfstr. 6 \/\/ 3672-Oberdiessbach\/\/<\/li><\/ul><p><span style=\"text-align: end;\">\u00a0<\/span><\/p>\t\t\t\t\t\t\t\t<\/div>\n\t\t\t\t<\/div>\n\t\t\t\t<\/div>\n\t\t\t\t<\/div>\n\t\t\t\t<\/div>","protected":false},"excerpt":{"rendered":"<p>Willkommen bei Silence &#8211; INDIE-FOLK AUS DER SCHWEIZ Neues Album &#8211; Psalms II Wir haben vor einigen Jahren die Psalmen f\u00fcr uns entdeckt. In den Psalmen finden wir das ganze Spektrum menschlicher Befindlichkeiten, von grosser Freude und Dankbarkeit \u00fcber Wut, Trauer, Rachegedanken hin zu Staunen \u00fcer die Sch\u00f6pfung und Vertrauen in den Gott der Bibel. [&hellip;]<\/p>\n","protected":false},"author":1,"featured_media":0,"parent":0,"menu_order":0,"comment_status":"closed","ping_status":"closed","template":"","meta":{"_acf_changed":false,"footnotes":""},"class_list":["post-29","page","type-page","status-publish","hentry"],"acf":[],"yoast_head":"<!-- This site is optimized with the Yoast SEO plugin v27.5 - https:\/\/yoast.com\/product\/yoast-seo-wordpress\/ -->\n<title>Home - SILENCE<\/title>\n<meta name=\"robots\" content=\"index, follow, max-snippet:-1, max-image-preview:large, max-video-preview:-1\" \/>\n<link rel=\"canonical\" href=\"https:\/\/silence.band\/en\/\" \/>\n<meta property=\"og:locale\" content=\"en_US\" \/>\n<meta property=\"og:type\" content=\"article\" \/>\n<meta property=\"og:title\" content=\"Home - SILENCE\" \/>\n<meta property=\"og:description\" content=\"Willkommen bei Silence &#8211; INDIE-FOLK AUS DER SCHWEIZ Neues Album &#8211; Psalms II Wir haben vor einigen Jahren die Psalmen f\u00fcr uns entdeckt. In den Psalmen finden wir das ganze Spektrum menschlicher Befindlichkeiten, von grosser Freude und Dankbarkeit \u00fcber Wut, Trauer, Rachegedanken hin zu Staunen \u00fcer die Sch\u00f6pfung und Vertrauen in den Gott der Bibel. [&hellip;]\" \/>\n<meta property=\"og:url\" content=\"https:\/\/silence.band\/en\/\" \/>\n<meta property=\"og:site_name\" content=\"SILENCE\" \/>\n<meta property=\"article:modified_time\" content=\"2026-01-30T08:15:31+00:00\" \/>\n<meta property=\"og:image\" content=\"https:\/\/silence.band\/wp-content\/uploads\/2023\/06\/silence-wp.jpg\" \/>\n\t<meta property=\"og:image:width\" content=\"2048\" \/>\n\t<meta property=\"og:image:height\" content=\"1037\" \/>\n\t<meta property=\"og:image:type\" content=\"image\/jpeg\" \/>\n<meta name=\"twitter:card\" content=\"summary_large_image\" \/>\n<meta name=\"twitter:label1\" content=\"Est. reading time\" \/>\n\t<meta name=\"twitter:data1\" content=\"2 minutes\" \/>\n<script type=\"application\/ld+json\" class=\"yoast-schema-graph\">{\"@context\":\"https:\\\/\\\/schema.org\",\"@graph\":[{\"@type\":\"WebPage\",\"@id\":\"https:\\\/\\\/silence.band\\\/\",\"url\":\"https:\\\/\\\/silence.band\\\/\",\"name\":\"Home - SILENCE\",\"isPartOf\":{\"@id\":\"https:\\\/\\\/silence.band\\\/#website\"},\"primaryImageOfPage\":{\"@id\":\"https:\\\/\\\/silence.band\\\/#primaryimage\"},\"image\":{\"@id\":\"https:\\\/\\\/silence.band\\\/#primaryimage\"},\"thumbnailUrl\":\"https:\\\/\\\/silence.band\\\/wp-content\\\/uploads\\\/2023\\\/06\\\/silence-wp.jpg\",\"datePublished\":\"2023-05-17T16:18:58+00:00\",\"dateModified\":\"2026-01-30T08:15:31+00:00\",\"breadcrumb\":{\"@id\":\"https:\\\/\\\/silence.band\\\/#breadcrumb\"},\"inLanguage\":\"en-US\",\"potentialAction\":[{\"@type\":\"ReadAction\",\"target\":[\"https:\\\/\\\/silence.band\\\/\"]}]},{\"@type\":\"ImageObject\",\"inLanguage\":\"en-US\",\"@id\":\"https:\\\/\\\/silence.band\\\/#primaryimage\",\"url\":\"https:\\\/\\\/silence.band\\\/wp-content\\\/uploads\\\/2023\\\/06\\\/silence-wp.jpg\",\"contentUrl\":\"https:\\\/\\\/silence.band\\\/wp-content\\\/uploads\\\/2023\\\/06\\\/silence-wp.jpg\"},{\"@type\":\"BreadcrumbList\",\"@id\":\"https:\\\/\\\/silence.band\\\/#breadcrumb\",\"itemListElement\":[{\"@type\":\"ListItem\",\"position\":1,\"name\":\"Startseite\",\"item\":\"https:\\\/\\\/silence.band\\\/\"},{\"@type\":\"ListItem\",\"position\":2,\"name\":\"Home\"}]},{\"@type\":\"WebSite\",\"@id\":\"https:\\\/\\\/silence.band\\\/#website\",\"url\":\"https:\\\/\\\/silence.band\\\/\",\"name\":\"Silence\",\"description\":\"\",\"publisher\":{\"@id\":\"https:\\\/\\\/silence.band\\\/#organization\"},\"potentialAction\":[{\"@type\":\"SearchAction\",\"target\":{\"@type\":\"EntryPoint\",\"urlTemplate\":\"https:\\\/\\\/silence.band\\\/?s={search_term_string}\"},\"query-input\":{\"@type\":\"PropertyValueSpecification\",\"valueRequired\":true,\"valueName\":\"search_term_string\"}}],\"inLanguage\":\"en-US\"},{\"@type\":\"Organization\",\"@id\":\"https:\\\/\\\/silence.band\\\/#organization\",\"name\":\"Silence\",\"url\":\"https:\\\/\\\/silence.band\\\/\",\"logo\":{\"@type\":\"ImageObject\",\"inLanguage\":\"en-US\",\"@id\":\"https:\\\/\\\/silence.band\\\/#\\\/schema\\\/logo\\\/image\\\/\",\"url\":\"https:\\\/\\\/silence.band\\\/wp-content\\\/uploads\\\/2023\\\/05\\\/Silence-png-black.png\",\"contentUrl\":\"https:\\\/\\\/silence.band\\\/wp-content\\\/uploads\\\/2023\\\/05\\\/Silence-png-black.png\",\"width\":2954,\"height\":729,\"caption\":\"Silence\"},\"image\":{\"@id\":\"https:\\\/\\\/silence.band\\\/#\\\/schema\\\/logo\\\/image\\\/\"}}]}<\/script>\n<!-- \/ Yoast SEO plugin. -->","yoast_head_json":{"title":"Home - SILENCE","robots":{"index":"index","follow":"follow","max-snippet":"max-snippet:-1","max-image-preview":"max-image-preview:large","max-video-preview":"max-video-preview:-1"},"canonical":"https:\/\/silence.band\/en\/","og_locale":"en_US","og_type":"article","og_title":"Home - SILENCE","og_description":"Willkommen bei Silence &#8211; INDIE-FOLK AUS DER SCHWEIZ Neues Album &#8211; Psalms II Wir haben vor einigen Jahren die Psalmen f\u00fcr uns entdeckt. In den Psalmen finden wir das ganze Spektrum menschlicher Befindlichkeiten, von grosser Freude und Dankbarkeit \u00fcber Wut, Trauer, Rachegedanken hin zu Staunen \u00fcer die Sch\u00f6pfung und Vertrauen in den Gott der Bibel. [&hellip;]","og_url":"https:\/\/silence.band\/en\/","og_site_name":"SILENCE","article_modified_time":"2026-01-30T08:15:31+00:00","og_image":[{"width":2048,"height":1037,"url":"https:\/\/silence.band\/wp-content\/uploads\/2023\/06\/silence-wp.jpg","type":"image\/jpeg"}],"twitter_card":"summary_large_image","twitter_misc":{"Est. reading time":"2 minutes"},"schema":{"@context":"https:\/\/schema.org","@graph":[{"@type":"WebPage","@id":"https:\/\/silence.band\/","url":"https:\/\/silence.band\/","name":"Home - SILENCE","isPartOf":{"@id":"https:\/\/silence.band\/#website"},"primaryImageOfPage":{"@id":"https:\/\/silence.band\/#primaryimage"},"image":{"@id":"https:\/\/silence.band\/#primaryimage"},"thumbnailUrl":"https:\/\/silence.band\/wp-content\/uploads\/2023\/06\/silence-wp.jpg","datePublished":"2023-05-17T16:18:58+00:00","dateModified":"2026-01-30T08:15:31+00:00","breadcrumb":{"@id":"https:\/\/silence.band\/#breadcrumb"},"inLanguage":"en-US","potentialAction":[{"@type":"ReadAction","target":["https:\/\/silence.band\/"]}]},{"@type":"ImageObject","inLanguage":"en-US","@id":"https:\/\/silence.band\/#primaryimage","url":"https:\/\/silence.band\/wp-content\/uploads\/2023\/06\/silence-wp.jpg","contentUrl":"https:\/\/silence.band\/wp-content\/uploads\/2023\/06\/silence-wp.jpg"},{"@type":"BreadcrumbList","@id":"https:\/\/silence.band\/#breadcrumb","itemListElement":[{"@type":"ListItem","position":1,"name":"Startseite","item":"https:\/\/silence.band\/"},{"@type":"ListItem","position":2,"name":"Home"}]},{"@type":"WebSite","@id":"https:\/\/silence.band\/#website","url":"https:\/\/silence.band\/","name":"Silence","description":"","publisher":{"@id":"https:\/\/silence.band\/#organization"},"potentialAction":[{"@type":"SearchAction","target":{"@type":"EntryPoint","urlTemplate":"https:\/\/silence.band\/?s={search_term_string}"},"query-input":{"@type":"PropertyValueSpecification","valueRequired":true,"valueName":"search_term_string"}}],"inLanguage":"en-US"},{"@type":"Organization","@id":"https:\/\/silence.band\/#organization","name":"Silence","url":"https:\/\/silence.band\/","logo":{"@type":"ImageObject","inLanguage":"en-US","@id":"https:\/\/silence.band\/#\/schema\/logo\/image\/","url":"https:\/\/silence.band\/wp-content\/uploads\/2023\/05\/Silence-png-black.png","contentUrl":"https:\/\/silence.band\/wp-content\/uploads\/2023\/05\/Silence-png-black.png","width":2954,"height":729,"caption":"Silence"},"image":{"@id":"https:\/\/silence.band\/#\/schema\/logo\/image\/"}}]}},"_links":{"self":[{"href":"https:\/\/silence.band\/en\/wp-json\/wp\/v2\/pages\/29","targetHints":{"allow":["GET"]}}],"collection":[{"href":"https:\/\/silence.band\/en\/wp-json\/wp\/v2\/pages"}],"about":[{"href":"https:\/\/silence.band\/en\/wp-json\/wp\/v2\/types\/page"}],"author":[{"embeddable":true,"href":"https:\/\/silence.band\/en\/wp-json\/wp\/v2\/users\/1"}],"replies":[{"embeddable":true,"href":"https:\/\/silence.band\/en\/wp-json\/wp\/v2\/comments?post=29"}],"version-history":[{"count":388,"href":"https:\/\/silence.band\/en\/wp-json\/wp\/v2\/pages\/29\/revisions"}],"predecessor-version":[{"id":2082,"href":"https:\/\/silence.band\/en\/wp-json\/wp\/v2\/pages\/29\/revisions\/2082"}],"wp:attachment":[{"href":"https:\/\/silence.band\/en\/wp-json\/wp\/v2\/media?parent=29"}],"curies":[{"name":"wp","href":"https:\/\/api.w.org\/{rel}","templated":true}]}}